{"id":462,"date":"2013-08-01T10:36:49","date_gmt":"2013-08-01T08:36:49","guid":{"rendered":"http:\/\/kanzlei-lexa.de\/?page_id=462"},"modified":"2013-08-02T10:34:04","modified_gmt":"2013-08-02T08:34:04","slug":"owner","status":"publish","type":"page","link":"https:\/\/kanzlei-lexa.de\/en\/law-office\/owner\/","title":{"rendered":"Owner"},"content":{"rendered":"<p>The owner of the law firm \u201cRechtsanwaltskanzlei Lexa \u2013 Kanzlei f\u00fcr Wirtschaftsrecht\u201d, Attorney at Law Carsten Lexa, LL.M., was born on June 10<sup>th<\/sup> of 1976 and has been practicing law since 2005.<\/p>\n<p>He studied law at the Julius-Maximilians-University in W\u00fcrzburg.<\/p>\n<p>At the same time he successfully completed the accompanying studies of European Law (an in-depth education especially in the field of European law), thus he gained the title \u201eEuropajurist\u201c.<\/p>\n<p>In addition, Carsten Lexa was a long-time assistant to Prof. Dr. Schulze-Fielitz as well as to chairman Prof. Dr. Laubenthal. He did his juridical traineeship at the District Court of W\u00fcrzburg and the department of public prosecution in W\u00fcrzburg, at the corporate law firm Gr\u00fcnbaum, Gruner, Spamer, Lachner &amp; Kreitz in Frankfurt\/ Main and also at the US American law firm of Attorney at Law Chris Meyer in Key West, Florida.<\/p>\n<p>In 2005, after his juridical education, Mr. Lexa gained his title \u201eMaster of Law\u201c in the field of International commercial law with the focus on international fiscal law, international commercial relations &amp; funding and international corporate law. He did these studies during his one year residence in London at the University of Westminster.<\/p>\n<p>After returning to Germany Mr. Lexa initially worked as an Associate Attorney at the well-known corporate law firm Lachner Graf von Westphalen Spamer in Frankfurt in the field of mercantile and corporate law as well as in the area of mergers and acquisitions. His work at this law firm included the assistance to different projects in the area of business law in Germany, especially in M&amp;A transactions, business formations and also legal due diligences of companies.<\/p>\n<p>Afterwards he opened his own law office in June 2007 as a cooperation partner of WPV Rechtsanw\u00e4lte in Eibelstadt, near the city of W\u00fcrzburg. His task there included consulting national and international middle-sized companies and freelancers in the field of corporate law, distribution law, financial sales law and contract design.<\/p>\n<p>To concentrate his activities even more on the field of business law consultation, Mr. Lexa transferred to and established his law firm in W\u00fcrzburg where he has been active since June 2009.<\/p>\n<p>He advises companies and entrepreneurs in every matter of business law, especially in corporate law, distribution law and contract law. Besides he is publicly appointed proofreader for the juristic midterm examination and proofreader assistant for examinations in the area of the European accompanying studies at the Julius-Maximilians-Universit\u00e4t in W\u00fcrzburg. He also is a guest lecturer at the University of Westminster in London in the field of international company law.<\/p>\n<p>Since 2010 the solicitor Lexa has been a lecturer for business law at the University of Applied Science W\u00fcrzburg-Schweinfurt and an external consultant to the RS Consulting Group in Frankfurt.<\/p>\n<p>He regularly releases articles about current business law issues which are related to the practice and he is seminar facilitator for economic issues for different local and nationwide organizations and institutions, talking about the issue of company formation, company succession, claimmanagement and contract management.<\/p>\n<p>&nbsp;<\/p>\n","protected":false},"excerpt":{"rendered":"<p>The owner of the law firm \u201cRechtsanwaltskanzlei Lexa \u2013 Kanzlei f\u00fcr Wirtschaftsrecht\u201d, Attorney at Law Carsten Lexa, LL.M., was born on June 10th of 1976 and has been practicing law since 2005. He studied law at the Julius-Maximilians-University in W\u00fcrzburg. At the same time he successfully completed the accompanying studies of European Law (an in-depth [&hellip;]<\/p>\n","protected":false},"author":2,"featured_media":0,"parent":465,"menu_order":1,"comment_status":"open","ping_status":"open","template":"","meta":{"footnotes":""},"class_list":["post-462","page","type-page","status-publish","hentry"],"_links":{"self":[{"href":"https:\/\/kanzlei-lexa.de\/en\/wp-json\/wp\/v2\/pages\/462\/"}],"collection":[{"href":"https:\/\/kanzlei-lexa.de\/en\/wp-json\/wp\/v2\/pages\/"}],"about":[{"href":"https:\/\/kanzlei-lexa.de\/en\/wp-json\/wp\/v2\/types\/page\/"}],"author":[{"embeddable":true,"href":"https:\/\/kanzlei-lexa.de\/en\/wp-json\/wp\/v2\/users\/2\/"}],"replies":[{"embeddable":true,"href":"https:\/\/kanzlei-lexa.de\/en\/wp-json\/wp\/v2\/comments\/?post=462"}],"version-history":[{"count":4,"href":"https:\/\/kanzlei-lexa.de\/en\/wp-json\/wp\/v2\/pages\/462\/revisions\/"}],"predecessor-version":[{"id":580,"href":"https:\/\/kanzlei-lexa.de\/en\/wp-json\/wp\/v2\/pages\/462\/revisions\/580\/"}],"up":[{"embeddable":true,"href":"https:\/\/kanzlei-lexa.de\/en\/wp-json\/wp\/v2\/pages\/465\/"}],"wp:attachment":[{"href":"https:\/\/kanzlei-lexa.de\/en\/wp-json\/wp\/v2\/media\/?parent=462"}],"curies":[{"name":"wp","href":"https:\/\/api.w.org\/{rel}","templated":true}]}}