{"id":467,"date":"2013-08-01T10:42:46","date_gmt":"2013-08-01T08:42:46","guid":{"rendered":"http:\/\/kanzlei-lexa.de\/?page_id=467"},"modified":"2013-08-01T12:05:40","modified_gmt":"2013-08-01T10:05:40","slug":"contact","status":"publish","type":"page","link":"https:\/\/kanzlei-lexa.de\/en\/contact\/","title":{"rendered":"Contact"},"content":{"rendered":"<h3>Rechtsanwaltskanzlei Lexa &#8211; Kanzlei f\u00fcr Wirtschaftsrecht<\/h3>\n<p>Rechtsanwalt Carsten Lexa, LL.M.<br \/>\nEuropajurist (Universit\u00e4t W\u00fcrzburg)<br \/>\nMaster of Law (University of Westminster, London)<br \/>\nLecturer for business law at the University of Applied Science W\u00fcrzburg-Schweinfurt<\/p>\n<p>Theaterstra\u00dfe 14 (Entrance Eichhornstra\u00dfe 28)<br \/>\n97070 W\u00fcrzburg<\/p>\n<p>Phone: +49 [0]931 &#8211; 353 77 60<br \/>\nTelefax: +49 [0]931 &#8211; 353 77 61<\/p>\n<p>E-Mail:\u00a0<a href=\"mailto:kontakt@kanzlei-lexa.de\">kontakt@kanzlei-lexa.de<\/a><br \/>\nWeb:\u00a0<a href=\"http:\/\/www.kanzlei-lexa.de\">www.kanzlei-lexa.de<\/a><\/p>\n<p>[mappress mapid=&#8221;2&#8243;]<\/p>\n<p>&nbsp;<\/p>\n<p>Occupational title:\u00a0Rechtsanwalt<br \/>\nLicensed attorney under the laws of the Federal Republic of Germany.<\/p>\n<p>The bar association for Rechtsanwaltskanzlei Lexa is:<br \/>\nRechtsanwaltskammer Bamberg<br \/>\nFriedrichstra\u00dfe 7<br \/>\nD- 96047 BambergTelefon: 0951 \u2013 986 200<br \/>\nTelefax: 0951 \u2013 203 503E-Mail:\u00a0<a href=\"mailto:%20info@rakba.de\">info@rakba.de<\/a><\/p>\n<p>Rules of professional conduct and scale of charges apply:<\/p>\n<p>BRAO &#8211; Bundesrechtsanwaltsordnung\u00a0(Federal Lawyers&#8217; Act)<\/p>\n<p>BORA &#8211; Berufsordnung f\u00fcr Rechtsanw\u00e4lte\u00a0(Professional Rules for Attorneys)<\/p>\n<p>RVG &#8211; Rechtsanwaltsverg\u00fctungsgesetz\u00a0(Attorney remuneration law)<\/p>\n<p>Rules of professional conduct for lawyers of the European Union<\/p>\n<p>The regulations of the bar Association regarding the conduct of attorneys can be found under: <a title=\"Link\" href=\"http:\/\/www.brak.de\/fuer-anwaelte\/berufsrecht\/\" target=\"_blank\">Link<\/a><\/p>\n<p>&nbsp;<\/p>\n<p>Rechtsanwaltskanzlei Lexa is insured against professional liability by:<\/p>\n<p>HDI-Gerling Firmen und Privat Vers. AG<br \/>\nPostfach 10 22 51<br \/>\n70018 Stuttgart<\/p>\n<p>Rechtsanwaltskanzlei Lexa is insured to at least EUR 250.000,00. The details arise from the statutory provision, especially from \u00a751 BRAO. More information available on request.<\/p>\n<p>&nbsp;<\/p>\n","protected":false},"excerpt":{"rendered":"<p>Rechtsanwaltskanzlei Lexa &#8211; Kanzlei f\u00fcr Wirtschaftsrecht Rechtsanwalt Carsten Lexa, LL.M. Europajurist (Universit\u00e4t W\u00fcrzburg) Master of Law (University of Westminster, London) Lecturer for business law at the University of Applied Science W\u00fcrzburg-Schweinfurt Theaterstra\u00dfe 14 (Entrance Eichhornstra\u00dfe 28) 97070 W\u00fcrzburg Phone: +49 [0]931 &#8211; 353 77 60 Telefax: +49 [0]931 &#8211; 353 77 61 E-Mail:\u00a0kontakt@kanzlei-lexa.de Web:\u00a0www.kanzlei-lexa.de [mappress [&hellip;]<\/p>\n","protected":false},"author":2,"featured_media":0,"parent":0,"menu_order":7,"comment_status":"open","ping_status":"open","template":"","meta":{"footnotes":""},"class_list":["post-467","page","type-page","status-publish","hentry"],"_links":{"self":[{"href":"https:\/\/kanzlei-lexa.de\/en\/wp-json\/wp\/v2\/pages\/467\/"}],"collection":[{"href":"https:\/\/kanzlei-lexa.de\/en\/wp-json\/wp\/v2\/pages\/"}],"about":[{"href":"https:\/\/kanzlei-lexa.de\/en\/wp-json\/wp\/v2\/types\/page\/"}],"author":[{"embeddable":true,"href":"https:\/\/kanzlei-lexa.de\/en\/wp-json\/wp\/v2\/users\/2\/"}],"replies":[{"embeddable":true,"href":"https:\/\/kanzlei-lexa.de\/en\/wp-json\/wp\/v2\/comments\/?post=467"}],"version-history":[{"count":11,"href":"https:\/\/kanzlei-lexa.de\/en\/wp-json\/wp\/v2\/pages\/467\/revisions\/"}],"predecessor-version":[{"id":469,"href":"https:\/\/kanzlei-lexa.de\/en\/wp-json\/wp\/v2\/pages\/467\/revisions\/469\/"}],"wp:attachment":[{"href":"https:\/\/kanzlei-lexa.de\/en\/wp-json\/wp\/v2\/media\/?parent=467"}],"curies":[{"name":"wp","href":"https:\/\/api.w.org\/{rel}","templated":true}]}}